{"id":7448,"date":"2026-04-11T21:42:34","date_gmt":"2026-04-11T19:42:34","guid":{"rendered":"http:\/\/www.mallorcafinanzierer.com\/?page_id=7448"},"modified":"2026-04-11T23:34:29","modified_gmt":"2026-04-11T21:34:29","slug":"anwaelte-notare","status":"publish","type":"page","link":"http:\/\/www.mallorcafinanzierer.com\/index.php\/wissenswertes\/anwaelte-notare\/","title":{"rendered":"Anw\u00e4lte &amp; Notare"},"content":{"rendered":"\t\t<div data-elementor-type=\"wp-page\" data-elementor-id=\"7448\" class=\"elementor elementor-7448\" data-elementor-post-type=\"page\">\n\t\t\t\t<div class=\"elementor-element elementor-element-96ee8d0 e-flex e-con-boxed e-con e-parent\" data-id=\"96ee8d0\" data-element_type=\"container\">\n\t\t\t\t\t<div class=\"e-con-inner\">\n\t\t\t\t<div class=\"elementor-element elementor-element-4560de1 elementor-widget elementor-widget-heading\" data-id=\"4560de1\" data-element_type=\"widget\" data-widget_type=\"heading.default\">\n\t\t\t\t\t<h1 class=\"elementor-heading-title elementor-size-default\">Juristische Begleitung f\u00fcr Ihren Immobilienkauf<\/h1>\t\t\t\t<\/div>\n\t\t\t\t\t<\/div>\n\t\t\t\t<\/div>\n\t\t<div class=\"elementor-element elementor-element-d643dd6 e-flex e-con-boxed e-con e-parent\" data-id=\"d643dd6\" data-element_type=\"container\">\n\t\t\t\t\t<div class=\"e-con-inner\">\n\t\t\t\t<div class=\"elementor-element elementor-element-fa07f0d elementor-widget elementor-widget-text-editor\" data-id=\"fa07f0d\" data-element_type=\"widget\" data-widget_type=\"text-editor.default\">\n\t\t\t\t\t\t\t\t\t<p><em><span data-markdown-start-index=\"1480\">Der Erwerb einer Immobilie in Spanien erfordert juristische Expertise, auf die Sie sich zu 100 % verlassen k\u00f6nnen. Wir arbeiten ausschlie\u00dflich mit erfahrenen, deutschsprachigen Anw\u00e4lten und von unseren Bankpartnern gepr\u00fcften Notariaten auf den Balearen zusammen. So garantieren wir Ihnen eine rechtssichere und transparente Abwicklung \u2013 vom ersten Kaufvertrag (Contrato de Arras) bis zur offiziellen Schl\u00fcssel\u00fcbergabe beim Notar.<\/span><\/em><\/p>\t\t\t\t\t\t\t\t<\/div>\n\t\t\t\t\t<\/div>\n\t\t\t\t<\/div>\n\t\t<div class=\"elementor-element elementor-element-fa01305 e-flex e-con-boxed e-con e-parent\" data-id=\"fa01305\" data-element_type=\"container\">\n\t\t\t\t\t<div class=\"e-con-inner\">\n\t\t<div class=\"elementor-element elementor-element-191e1ba e-con-full e-flex e-con e-child\" data-id=\"191e1ba\" data-element_type=\"container\">\n\t\t\t\t<div class=\"elementor-element elementor-element-5a49127 elementor-position-top elementor-widget elementor-widget-image-box\" data-id=\"5a49127\" data-element_type=\"widget\" data-widget_type=\"image-box.default\">\n\t\t\t\t\t<div class=\"elementor-image-box-wrapper\"><figure class=\"elementor-image-box-img\"><a href=\"http:\/\/www.mallorcafinanzierer.com\/index.php\/wissenswertes\/notare-auf-mallorca\/\" tabindex=\"-1\"><img fetchpriority=\"high\" decoding=\"async\" width=\"1024\" height=\"576\" src=\"http:\/\/www.mallorcafinanzierer.com\/wp-content\/uploads\/2025\/12\/palma-de-mallorca-3794232_1920-1024x576-1.jpg\" class=\"attachment-full size-full wp-image-7287\" alt=\"\" srcset=\"http:\/\/www.mallorcafinanzierer.com\/wp-content\/uploads\/2025\/12\/palma-de-mallorca-3794232_1920-1024x576-1.jpg 1024w, http:\/\/www.mallorcafinanzierer.com\/wp-content\/uploads\/2025\/12\/palma-de-mallorca-3794232_1920-1024x576-1-300x169.jpg 300w, http:\/\/www.mallorcafinanzierer.com\/wp-content\/uploads\/2025\/12\/palma-de-mallorca-3794232_1920-1024x576-1-768x432.jpg 768w, http:\/\/www.mallorcafinanzierer.com\/wp-content\/uploads\/2025\/12\/palma-de-mallorca-3794232_1920-1024x576-1-850x478.jpg 850w\" sizes=\"(max-width: 1024px) 100vw, 1024px\" \/><\/a><\/figure><div class=\"elementor-image-box-content\"><h3 class=\"elementor-image-box-title\"><a href=\"http:\/\/www.mallorcafinanzierer.com\/index.php\/wissenswertes\/notare-auf-mallorca\/\">Notare auf Mallorca<\/a><\/h3><p class=\"elementor-image-box-description\">Unsere von Bankpartnern gepr\u00fcften Notariate f\u00fcr Beurkundungen in Palma und Umgebung.<\/p><\/div><\/div>\t\t\t\t<\/div>\n\t\t\t\t<\/div>\n\t\t<div class=\"elementor-element elementor-element-c8ce568 e-con-full e-flex e-con e-child\" data-id=\"c8ce568\" data-element_type=\"container\">\n\t\t\t\t<div class=\"elementor-element elementor-element-b56bcc3 elementor-position-top elementor-widget elementor-widget-image-box\" data-id=\"b56bcc3\" data-element_type=\"widget\" data-widget_type=\"image-box.default\">\n\t\t\t\t\t<div class=\"elementor-image-box-wrapper\"><figure class=\"elementor-image-box-img\"><a href=\"http:\/\/www.mallorcafinanzierer.com\/index.php\/wissenswertes\/notare-auf-ibiza\/\" tabindex=\"-1\"><img decoding=\"async\" width=\"1024\" height=\"768\" src=\"http:\/\/www.mallorcafinanzierer.com\/wp-content\/uploads\/2025\/12\/mallorca-109204_1280-1024x768-1.jpg\" class=\"attachment-full size-full wp-image-7286\" alt=\"\" srcset=\"http:\/\/www.mallorcafinanzierer.com\/wp-content\/uploads\/2025\/12\/mallorca-109204_1280-1024x768-1.jpg 1024w, http:\/\/www.mallorcafinanzierer.com\/wp-content\/uploads\/2025\/12\/mallorca-109204_1280-1024x768-1-300x225.jpg 300w, http:\/\/www.mallorcafinanzierer.com\/wp-content\/uploads\/2025\/12\/mallorca-109204_1280-1024x768-1-768x576.jpg 768w, http:\/\/www.mallorcafinanzierer.com\/wp-content\/uploads\/2025\/12\/mallorca-109204_1280-1024x768-1-667x500.jpg 667w\" sizes=\"(max-width: 1024px) 100vw, 1024px\" \/><\/a><\/figure><div class=\"elementor-image-box-content\"><h3 class=\"elementor-image-box-title\"><a href=\"http:\/\/www.mallorcafinanzierer.com\/index.php\/wissenswertes\/notare-auf-ibiza\/\">Notare auf Ibiza<\/a><\/h3><p class=\"elementor-image-box-description\">Renommierte und akzeptierte Notare f\u00fcr Ihre rechtssichere Transaktion auf Ibiza.<\/p><\/div><\/div>\t\t\t\t<\/div>\n\t\t\t\t<\/div>\n\t\t<div class=\"elementor-element elementor-element-68a24f7 e-con-full e-flex e-con e-child\" data-id=\"68a24f7\" data-element_type=\"container\">\n\t\t\t\t<div class=\"elementor-element elementor-element-810e203 elementor-position-left elementor-vertical-align-top elementor-widget elementor-widget-image-box\" data-id=\"810e203\" data-element_type=\"widget\" data-widget_type=\"image-box.default\">\n\t\t\t\t\t<div class=\"elementor-image-box-wrapper\"><figure class=\"elementor-image-box-img\"><a href=\"http:\/\/www.mallorcafinanzierer.com\/index.php\/wissenswertes\/anwaelte-auf-mallorca\/\" tabindex=\"-1\"><img decoding=\"async\" width=\"1024\" height=\"682\" src=\"http:\/\/www.mallorcafinanzierer.com\/wp-content\/uploads\/2025\/12\/cala-agulla-2000385_1280-1024x682-1.jpg\" class=\"attachment-full size-full wp-image-7284\" alt=\"\" srcset=\"http:\/\/www.mallorcafinanzierer.com\/wp-content\/uploads\/2025\/12\/cala-agulla-2000385_1280-1024x682-1.jpg 1024w, http:\/\/www.mallorcafinanzierer.com\/wp-content\/uploads\/2025\/12\/cala-agulla-2000385_1280-1024x682-1-300x200.jpg 300w, http:\/\/www.mallorcafinanzierer.com\/wp-content\/uploads\/2025\/12\/cala-agulla-2000385_1280-1024x682-1-768x512.jpg 768w, http:\/\/www.mallorcafinanzierer.com\/wp-content\/uploads\/2025\/12\/cala-agulla-2000385_1280-1024x682-1-751x500.jpg 751w\" sizes=\"(max-width: 1024px) 100vw, 1024px\" \/><\/a><\/figure><div class=\"elementor-image-box-content\"><h3 class=\"elementor-image-box-title\"><a href=\"http:\/\/www.mallorcafinanzierer.com\/index.php\/wissenswertes\/anwaelte-auf-mallorca\/\">Anw\u00e4lte auf Mallorca<\/a><\/h3><p class=\"elementor-image-box-description\">F\u00fcr Ihre absolute Rechtssicherheit arbeiten wir insel\u00fcbergreifend mit erfahrenen Kanzleien f\u00fcr spanisches Immobilien- und Steuerrecht zusammen. Vom Vorvertrag bis zur Schl\u00fcssel\u00fcbergabe \u2013 auf Mallorca und Ibiza.<\/p><\/div><\/div>\t\t\t\t<\/div>\n\t\t\t\t<\/div>\n\t\t\t\t\t<\/div>\n\t\t\t\t<\/div>\n\t\t\t\t<\/div>\n\t\t","protected":false},"excerpt":{"rendered":"<p>Juristische Begleitung f\u00fcr Ihren Immobilienkauf Der Erwerb einer Immobilie in Spanien erfordert juristische Expertise, auf die Sie sich zu 100 % verlassen k\u00f6nnen. Wir arbeiten ausschlie\u00dflich mit erfahrenen, deutschsprachigen Anw\u00e4lten und von unseren Bankpartnern gepr\u00fcften Notariaten auf den Balearen zusammen. So garantieren wir Ihnen eine rechtssichere und transparente Abwicklung \u2013 vom ersten Kaufvertrag (Contrato de [&hellip;]<\/p>\n","protected":false},"author":2,"featured_media":5872,"parent":7156,"menu_order":0,"comment_status":"closed","ping_status":"closed","template":"","meta":{"footnotes":""},"class_list":["post-7448","page","type-page","status-publish","has-post-thumbnail","hentry"],"_links":{"self":[{"href":"http:\/\/www.mallorcafinanzierer.com\/index.php\/wp-json\/wp\/v2\/pages\/7448","targetHints":{"allow":["GET"]}}],"collection":[{"href":"http:\/\/www.mallorcafinanzierer.com\/index.php\/wp-json\/wp\/v2\/pages"}],"about":[{"href":"http:\/\/www.mallorcafinanzierer.com\/index.php\/wp-json\/wp\/v2\/types\/page"}],"author":[{"embeddable":true,"href":"http:\/\/www.mallorcafinanzierer.com\/index.php\/wp-json\/wp\/v2\/users\/2"}],"replies":[{"embeddable":true,"href":"http:\/\/www.mallorcafinanzierer.com\/index.php\/wp-json\/wp\/v2\/comments?post=7448"}],"version-history":[{"count":4,"href":"http:\/\/www.mallorcafinanzierer.com\/index.php\/wp-json\/wp\/v2\/pages\/7448\/revisions"}],"predecessor-version":[{"id":7454,"href":"http:\/\/www.mallorcafinanzierer.com\/index.php\/wp-json\/wp\/v2\/pages\/7448\/revisions\/7454"}],"up":[{"embeddable":true,"href":"http:\/\/www.mallorcafinanzierer.com\/index.php\/wp-json\/wp\/v2\/pages\/7156"}],"wp:featuredmedia":[{"embeddable":true,"href":"http:\/\/www.mallorcafinanzierer.com\/index.php\/wp-json\/wp\/v2\/media\/5872"}],"wp:attachment":[{"href":"http:\/\/www.mallorcafinanzierer.com\/index.php\/wp-json\/wp\/v2\/media?parent=7448"}],"curies":[{"name":"wp","href":"https:\/\/api.w.org\/{rel}","templated":true}]}}