{"id":7372,"date":"2026-04-11T19:50:17","date_gmt":"2026-04-11T17:50:17","guid":{"rendered":"http:\/\/www.mallorcafinanzierer.com\/?page_id=7372"},"modified":"2026-04-12T19:11:18","modified_gmt":"2026-04-12T17:11:18","slug":"kauf-einer-immobilie-so-gehts-richtig","status":"publish","type":"page","link":"http:\/\/www.mallorcafinanzierer.com\/index.php\/wissenswertes\/kauf-einer-immobilie-so-gehts-richtig\/","title":{"rendered":"Kauf einer Immobilie \u2013 so geht\u2019s richtig!"},"content":{"rendered":"\t\t<div data-elementor-type=\"wp-page\" data-elementor-id=\"7372\" class=\"elementor elementor-7372\" data-elementor-post-type=\"page\">\n\t\t\t\t<div class=\"elementor-element elementor-element-97ee609 e-flex e-con-boxed e-con e-parent\" data-id=\"97ee609\" data-element_type=\"container\">\n\t\t\t\t\t<div class=\"e-con-inner\">\n\t\t\t\t<div class=\"elementor-element elementor-element-942b7ab elementor-widget elementor-widget-heading\" data-id=\"942b7ab\" data-element_type=\"widget\" data-widget_type=\"heading.default\">\n\t\t\t\t\t<h2 class=\"elementor-heading-title elementor-size-default\">Kauf einer Immobilie \u2013 so geht\u2019s richtig!<\/h2>\t\t\t\t<\/div>\n\t\t\t\t\t<\/div>\n\t\t\t\t<\/div>\n\t\t<div class=\"elementor-element elementor-element-70470ef e-flex e-con-boxed e-con e-parent\" data-id=\"70470ef\" data-element_type=\"container\">\n\t\t\t\t\t<div class=\"e-con-inner\">\n\t\t<div class=\"elementor-element elementor-element-c38a42a e-con-full e-flex e-con e-child\" data-id=\"c38a42a\" data-element_type=\"container\">\n\t\t<div class=\"elementor-element elementor-element-44b679e e-con-full e-flex e-con e-child\" data-id=\"44b679e\" data-element_type=\"container\" data-settings=\"{&quot;background_background&quot;:&quot;classic&quot;}\">\n\t\t\t\t<div class=\"elementor-element elementor-element-cf31721 elementor-widget elementor-widget-heading\" data-id=\"cf31721\" data-element_type=\"widget\" data-widget_type=\"heading.default\">\n\t\t\t\t\t<h2 class=\"elementor-heading-title elementor-size-default\">Phase 1: Objektsuche &amp; Vorbereitung<\/h2>\t\t\t\t<\/div>\n\t\t\t\t<div class=\"elementor-element elementor-element-bc5bdd7 elementor-widget elementor-widget-text-editor\" data-id=\"bc5bdd7\" data-element_type=\"widget\" data-widget_type=\"text-editor.default\">\n\t\t\t\t\t\t\t\t\t<p><strong>1. Immobilie finden und besichtigen<\/strong><br>\nSuche dein Wunschobjekt, besichtige es vor Ort und kl\u00e4re erste Fragen direkt mit dem Makler deines Vertrauens.<\/p>\n<p><strong>2. Wichtige Unterlagen einholen<\/strong><br>\nLass dir das Expos\u00e9, den Grundbuchauszug (Nota Simple) sowie weitere relevante Objektinformationen vom Makler geben.<br>\n<em>Tipp:<\/em> Pr\u00fcfe die Dokumente sorgf\u00e4ltig, bevor du in die n\u00e4chste Phase gehst.<\/p>\t\t\t\t\t\t\t\t<\/div>\n\t\t\t\t<\/div>\n\t\t<div class=\"elementor-element elementor-element-5b3b063 e-con-full e-flex e-con e-child\" data-id=\"5b3b063\" data-element_type=\"container\" data-settings=\"{&quot;background_background&quot;:&quot;classic&quot;}\">\n\t\t\t\t<\/div>\n\t\t\t\t<\/div>\n\t\t<div class=\"elementor-element elementor-element-b162e88 e-con-full e-flex e-con e-child\" data-id=\"b162e88\" data-element_type=\"container\">\n\t\t<div class=\"elementor-element elementor-element-086f1fe e-con-full e-flex e-con e-child\" data-id=\"086f1fe\" data-element_type=\"container\" data-settings=\"{&quot;background_background&quot;:&quot;classic&quot;}\">\n\t\t\t\t<div class=\"elementor-element elementor-element-df0e390 elementor-widget elementor-widget-heading\" data-id=\"df0e390\" data-element_type=\"widget\" data-widget_type=\"heading.default\">\n\t\t\t\t\t<h2 class=\"elementor-heading-title elementor-size-default\">Phase 2: Reservierung &amp; Finanzierungs-Setup<\/h2>\t\t\t\t<\/div>\n\t\t\t\t<div class=\"elementor-element elementor-element-21e2526 elementor-widget elementor-widget-text-editor\" data-id=\"21e2526\" data-element_type=\"widget\" data-widget_type=\"text-editor.default\">\n\t\t\t\t\t\t\t\t\t<strong>3. Finanzierungsanfrage stellen<\/strong>\nStarte deine unverbindliche Anfrage bei uns, um deinen finanziellen Spielraum pr\u00e4zise zu definieren. Wir pr\u00fcfen deine M\u00f6glichkeiten f\u00fcr eine spanische Hypothek.\n <br> <br>\n<strong>4. Optionsvertrag (Arras) vorbereiten<\/strong>\nEin spanischer Anwalt erstellt den Optionsvertrag. Die Optionsfrist betr\u00e4gt in der Regel 3 Monate. Zu diesem Zeitpunkt wird \u00fcblicherweise eine Anzahlung von 10 % des Kaufpreises f\u00e4llig.\n\ud83d\udc49 <em>Brauchst du Hilfe bei der Suche? Hier findest du gepr\u00fcfte deutschsprachige Anw\u00e4lte auf Mallorca.<\/em>\t\t\t\t\t\t\t\t<\/div>\n\t\t\t\t<div class=\"elementor-element elementor-element-71c14a0 elementor-align-left spacey-style-button-hover-yes elementor-widget elementor-widget-button\" data-id=\"71c14a0\" data-element_type=\"widget\" data-widget_type=\"button.default\">\n\t\t\t\t\t\t\t\t\t\t<a class=\"elementor-button elementor-button-link elementor-size-sm\" href=\"http:\/\/www.mallorcafinanzierer.com\/index.php\/wissenswertes\/anwaelte-auf-mallorca\/\">\n\t\t\t\t\t\t<span class=\"elementor-button-content-wrapper\">\n\t\t\t\t\t\t\t\t\t<span class=\"elementor-button-text\">Zu unseren gepr\u00fcften Anw\u00e4lten<\/span>\n\t\t\t\t\t<\/span>\n\t\t\t\t\t<\/a>\n\t\t\t\t\t\t\t\t<\/div>\n\t\t\t\t<div class=\"elementor-element elementor-element-1ac8fd3 elementor-widget elementor-widget-text-editor\" data-id=\"1ac8fd3\" data-element_type=\"widget\" data-widget_type=\"text-editor.default\">\n\t\t\t\t\t\t\t\t\t\n<strong>5. Finanzierungszusage (vorbehaltlich Objekt)<\/strong>\nParallel holen wir f\u00fcr dich die Genehmigung unserer spanischen Partnerbanken ein \u2013 zun\u00e4chst vorbehaltlich der finalen Objektpr\u00fcfung.\t\t\t\t\t\t\t\t<\/div>\n\t\t\t\t<div class=\"elementor-element elementor-element-03d4207 elementor-align-left spacey-style-button-hover-yes elementor-widget elementor-widget-button\" data-id=\"03d4207\" data-element_type=\"widget\" data-widget_type=\"button.default\">\n\t\t\t\t\t\t\t\t\t\t<a class=\"elementor-button elementor-button-link elementor-size-sm\" href=\"http:\/\/www.mallorcafinanzierer.com\/index.php\/kontakt\/\">\n\t\t\t\t\t\t<span class=\"elementor-button-content-wrapper\">\n\t\t\t\t\t\t\t\t\t<span class=\"elementor-button-text\">Unverbindliche Anfrage stellen<\/span>\n\t\t\t\t\t<\/span>\n\t\t\t\t\t<\/a>\n\t\t\t\t\t\t\t\t<\/div>\n\t\t\t\t<\/div>\n\t\t<div class=\"elementor-element elementor-element-60bdad0 e-con-full e-flex e-con e-child\" data-id=\"60bdad0\" data-element_type=\"container\" data-settings=\"{&quot;background_background&quot;:&quot;classic&quot;}\">\n\t\t\t\t<\/div>\n\t\t\t\t<\/div>\n\t\t<div class=\"elementor-element elementor-element-320c839 e-con-full e-flex e-con e-child\" data-id=\"320c839\" data-element_type=\"container\">\n\t\t<div class=\"elementor-element elementor-element-e52caf4 e-con-full e-flex e-con e-child\" data-id=\"e52caf4\" data-element_type=\"container\" data-settings=\"{&quot;background_background&quot;:&quot;classic&quot;}\">\n\t\t\t\t<div class=\"elementor-element elementor-element-0b8ee6b elementor-widget elementor-widget-heading\" data-id=\"0b8ee6b\" data-element_type=\"widget\" data-widget_type=\"heading.default\">\n\t\t\t\t\t<h2 class=\"elementor-heading-title elementor-size-default\"> Phase 3: Objektpr\u00fcfung &amp; Bankvertrag<\/h2>\t\t\t\t<\/div>\n\t\t\t\t<div class=\"elementor-element elementor-element-1e4f92c elementor-widget elementor-widget-text-editor\" data-id=\"1e4f92c\" data-element_type=\"widget\" data-widget_type=\"text-editor.default\">\n\t\t\t\t\t\t\t\t\t<p><strong>6. Optionsvertrag unterschreiben<\/strong><br>\nNach Unterzeichnung des Optionsvertrags (Arras) ist dein Traumobjekt verbindlich f\u00fcr dich reserviert! Der finale Notartermin muss nun innerhalb der vereinbarten Frist stattfinden.<\/p>\n<p><strong>7. Objektbewertung (Gutachten)<\/strong><br>\nEin von der spanischen Bank beauftragter, unabh\u00e4ngiger Gutachter (Tasador) bewertet die Immobilie, um den realen Marktwert f\u00fcr die Finanzierung festzusetzen.<\/p>\n<p><strong>8. Finanzierungsvertrag unterzeichnen<\/strong><br>\nLiegt das Gutachten vor und es gibt keine Auff\u00e4lligkeiten, erh\u00e4ltst du den finalen Finanzierungsvertrag der Bank. Du unterschreibst diesen und sendest ihn zur\u00fcck.<\/p>\t\t\t\t\t\t\t\t<\/div>\n\t\t\t\t<\/div>\n\t\t<div class=\"elementor-element elementor-element-0a1586d e-con-full e-flex e-con e-child\" data-id=\"0a1586d\" data-element_type=\"container\" data-settings=\"{&quot;background_background&quot;:&quot;classic&quot;}\">\n\t\t\t\t<\/div>\n\t\t\t\t<\/div>\n\t\t<div class=\"elementor-element elementor-element-37947f7 e-con-full e-flex e-con e-child\" data-id=\"37947f7\" data-element_type=\"container\">\n\t\t<div class=\"elementor-element elementor-element-d1a1e64 e-con-full e-flex e-con e-child\" data-id=\"d1a1e64\" data-element_type=\"container\" data-settings=\"{&quot;background_background&quot;:&quot;classic&quot;}\">\n\t\t\t\t<div class=\"elementor-element elementor-element-b48c364 elementor-widget elementor-widget-heading\" data-id=\"b48c364\" data-element_type=\"widget\" data-widget_type=\"heading.default\">\n\t\t\t\t\t<h2 class=\"elementor-heading-title elementor-size-default\">Phase 4: Notartermine &amp; Abschluss<\/h2>\t\t\t\t<\/div>\n\t\t\t\t<div class=\"elementor-element elementor-element-af8d071 elementor-widget elementor-widget-text-editor\" data-id=\"af8d071\" data-element_type=\"widget\" data-widget_type=\"text-editor.default\">\n\t\t\t\t\t\t\t\t\t<strong>9. Notartermine abstimmen<\/strong>\nGemeinsam mit dem Verk\u00e4ufer, deinem pers\u00f6nlichen Ansprechpartner von uns und dem Anwalt der Bank wird der Notartermin koordiniert. Wichtig: Dieser findet fr\u00fchestens 11 Tage nach Eingang der unterschriebenen Finanzierungsunterlagen bei der Bank statt (gesetzliche Bedenkzeit in Spanien).\n <br>\n <br>\n<strong>10. Erster Notartermin \u2013 Das Belehrungsgespr\u00e4ch<\/strong>\nDer spanische Notar erl\u00e4utert dir alle Vertragsinhalte der Hypothek im Detail und kl\u00e4rt letzte offene Fragen.\n\ud83d\udc49 <em>Hier findest du unsere \u00dcbersicht f\u00fcr zuverl\u00e4ssige Notare auf Mallorca.<\/em>\t\t\t\t\t\t\t\t<\/div>\n\t\t\t\t<div class=\"elementor-element elementor-element-dc244cd spacey-style-button-hover-yes elementor-widget elementor-widget-button\" data-id=\"dc244cd\" data-element_type=\"widget\" data-widget_type=\"button.default\">\n\t\t\t\t\t\t\t\t\t\t<a class=\"elementor-button elementor-button-link elementor-size-sm\" href=\"http:\/\/www.mallorcafinanzierer.com\/index.php\/wissenswertes\/anwaelte-notare\/\">\n\t\t\t\t\t\t<span class=\"elementor-button-content-wrapper\">\n\t\t\t\t\t\t\t\t\t<span class=\"elementor-button-text\">Unsere gepr\u00fcften Notare ansehen<\/span>\n\t\t\t\t\t<\/span>\n\t\t\t\t\t<\/a>\n\t\t\t\t\t\t\t\t<\/div>\n\t\t\t\t<div class=\"elementor-element elementor-element-81dd5bc elementor-widget elementor-widget-text-editor\" data-id=\"81dd5bc\" data-element_type=\"widget\" data-widget_type=\"text-editor.default\">\n\t\t\t\t\t\t\t\t\t<strong>11. Zweiter Notartermin \u2013 Kauf und Hypothek<\/strong>\nIm zweiten Termin wird es ernst: Der Kaufvertrag (Escritura) wird beurkundet, die Hypothek bestellt und der Kaufpreis \u00fcber den Anwalt der Bank bezahlt.\n <br>\n <br>\n<strong>12. Einzug und Genuss \ud83c\udf89<\/strong>\nNach erfolgreicher Beurkundung und Zahlung hei\u00dft es endlich: Schl\u00fcssel \u00fcbernehmen und das Leben in deiner neuen spanischen Immobilie in vollen Z\u00fcgen genie\u00dfen!\t\t\t\t\t\t\t\t<\/div>\n\t\t\t\t<\/div>\n\t\t<div class=\"elementor-element elementor-element-8217a43 e-con-full e-flex e-con e-child\" data-id=\"8217a43\" data-element_type=\"container\" data-settings=\"{&quot;background_background&quot;:&quot;classic&quot;}\">\n\t\t\t\t<\/div>\n\t\t\t\t<\/div>\n\t\t\t\t\t<\/div>\n\t\t\t\t<\/div>\n\t\t\t\t<\/div>\n\t\t","protected":false},"excerpt":{"rendered":"<p>Kauf einer Immobilie \u2013 so geht\u2019s richtig! Phase 1: Objektsuche &amp; Vorbereitung 1. Immobilie finden und besichtigen Suche dein Wunschobjekt, besichtige es vor Ort und kl\u00e4re erste Fragen direkt mit dem Makler deines Vertrauens. 2. Wichtige Unterlagen einholen Lass dir das Expos\u00e9, den Grundbuchauszug (Nota Simple) sowie weitere relevante Objektinformationen vom Makler geben. Tipp: Pr\u00fcfe [&hellip;]<\/p>\n","protected":false},"author":2,"featured_media":5872,"parent":7156,"menu_order":0,"comment_status":"closed","ping_status":"closed","template":"","meta":{"footnotes":""},"class_list":["post-7372","page","type-page","status-publish","has-post-thumbnail","hentry"],"_links":{"self":[{"href":"http:\/\/www.mallorcafinanzierer.com\/index.php\/wp-json\/wp\/v2\/pages\/7372","targetHints":{"allow":["GET"]}}],"collection":[{"href":"http:\/\/www.mallorcafinanzierer.com\/index.php\/wp-json\/wp\/v2\/pages"}],"about":[{"href":"http:\/\/www.mallorcafinanzierer.com\/index.php\/wp-json\/wp\/v2\/types\/page"}],"author":[{"embeddable":true,"href":"http:\/\/www.mallorcafinanzierer.com\/index.php\/wp-json\/wp\/v2\/users\/2"}],"replies":[{"embeddable":true,"href":"http:\/\/www.mallorcafinanzierer.com\/index.php\/wp-json\/wp\/v2\/comments?post=7372"}],"version-history":[{"count":16,"href":"http:\/\/www.mallorcafinanzierer.com\/index.php\/wp-json\/wp\/v2\/pages\/7372\/revisions"}],"predecessor-version":[{"id":7633,"href":"http:\/\/www.mallorcafinanzierer.com\/index.php\/wp-json\/wp\/v2\/pages\/7372\/revisions\/7633"}],"up":[{"embeddable":true,"href":"http:\/\/www.mallorcafinanzierer.com\/index.php\/wp-json\/wp\/v2\/pages\/7156"}],"wp:featuredmedia":[{"embeddable":true,"href":"http:\/\/www.mallorcafinanzierer.com\/index.php\/wp-json\/wp\/v2\/media\/5872"}],"wp:attachment":[{"href":"http:\/\/www.mallorcafinanzierer.com\/index.php\/wp-json\/wp\/v2\/media?parent=7372"}],"curies":[{"name":"wp","href":"https:\/\/api.w.org\/{rel}","templated":true}]}}