{"id":7156,"date":"2025-12-22T10:13:47","date_gmt":"2025-12-22T09:13:47","guid":{"rendered":"http:\/\/www.mallorcafinanzierer.com\/?page_id=7156"},"modified":"2026-04-11T21:55:23","modified_gmt":"2026-04-11T19:55:23","slug":"wissenswertes","status":"publish","type":"page","link":"http:\/\/www.mallorcafinanzierer.com\/index.php\/wissenswertes\/","title":{"rendered":"Wissenswertes"},"content":{"rendered":"\t\t<div data-elementor-type=\"wp-page\" data-elementor-id=\"7156\" class=\"elementor elementor-7156\" data-elementor-post-type=\"page\">\n\t\t\t\t<div class=\"elementor-element elementor-element-b2cdace e-flex e-con-boxed e-con e-parent\" data-id=\"b2cdace\" data-element_type=\"container\">\n\t\t\t\t\t<div class=\"e-con-inner\">\n\t\t\t\t<div class=\"elementor-element elementor-element-6771b9b elementor-view-default elementor-mobile-position-top elementor-widget elementor-widget-icon-box\" data-id=\"6771b9b\" data-element_type=\"widget\" data-settings=\"{&quot;_animation&quot;:&quot;none&quot;}\" data-widget_type=\"icon-box.default\">\n\t\t\t\t\t\t\t<div class=\"elementor-icon-box-wrapper\">\n\n\t\t\t\t\t\t<div class=\"elementor-icon-box-icon\">\n\t\t\t\t<a href=\"http:\/\/www.mallorcafinanzierer.com\/index.php\/wissenswertes\/ablauf-einer-spanienfinanzierung\/\" class=\"elementor-icon\" tabindex=\"-1\" aria-label=\"Ablauf einer Spanienfinanzierung\">\n\t\t\t\t<svg aria-hidden=\"true\" class=\"e-font-icon-svg e-fas-piggy-bank\" viewBox=\"0 0 576 512\" xmlns=\"http:\/\/www.w3.org\/2000\/svg\"><path d=\"M560 224h-29.5c-8.8-20-21.6-37.7-37.4-52.5L512 96h-32c-29.4 0-55.4 13.5-73 34.3-7.6-1.1-15.1-2.3-23-2.3H256c-77.4 0-141.9 55-156.8 128H56c-14.8 0-26.5-13.5-23.5-28.8C34.7 215.8 45.4 208 57 208h1c3.3 0 6-2.7 6-6v-20c0-3.3-2.7-6-6-6-28.5 0-53.9 20.4-57.5 48.6C-3.9 258.8 22.7 288 56 288h40c0 52.2 25.4 98.1 64 127.3V496c0 8.8 7.2 16 16 16h64c8.8 0 16-7.2 16-16v-48h128v48c0 8.8 7.2 16 16 16h64c8.8 0 16-7.2 16-16v-80.7c11.8-8.9 22.3-19.4 31.3-31.3H560c8.8 0 16-7.2 16-16V240c0-8.8-7.2-16-16-16zm-128 64c-8.8 0-16-7.2-16-16s7.2-16 16-16 16 7.2 16 16-7.2 16-16 16zM256 96h128c5.4 0 10.7.4 15.9.8 0-.3.1-.5.1-.8 0-53-43-96-96-96s-96 43-96 96c0 2.1.5 4.1.6 6.2 15.2-3.9 31-6.2 47.4-6.2z\"><\/path><\/svg>\t\t\t\t<\/a>\n\t\t\t<\/div>\n\t\t\t\n\t\t\t\t\t\t<div class=\"elementor-icon-box-content\">\n\n\t\t\t\t\t\t\t\t\t<h2 class=\"elementor-icon-box-title\">\n\t\t\t\t\t\t<a href=\"http:\/\/www.mallorcafinanzierer.com\/index.php\/wissenswertes\/ablauf-einer-spanienfinanzierung\/\" >\n\t\t\t\t\t\t\tAblauf einer Spanienfinanzierung\t\t\t\t\t\t<\/a>\n\t\t\t\t\t<\/h2>\n\t\t\t\t\n\t\t\t\t\t\t\t\t\t<p class=\"elementor-icon-box-description\">\n\t\t\t\t\t\t<b>Finanzierung Schritt f\u00fcr Schritt erkl\u00e4rt<\/b>\nIn dieser klar strukturierten Anleitung erfahren Sie, wie der Weg zu Ihrer Spanienfinanzierung verl\u00e4uft \u2013 vom ersten Beratungsgespr\u00e4ch \u00fcber die Bonit\u00e4tspr\u00fcfung bis hin zur Auszahlung der Mittel durch den Anwalt. Am Ende steht der sch\u00f6nste Moment: den Schl\u00fcssel zu Ihrer Immobilie in den H\u00e4nden zu halten und sie in vollen Z\u00fcgen zu genie\u00dfen.\t\t\t\t\t<\/p>\n\t\t\t\t\n\t\t\t<\/div>\n\t\t\t\n\t\t<\/div>\n\t\t\t\t\t\t<\/div>\n\t\t\t\t\t<\/div>\n\t\t\t\t<\/div>\n\t\t<div class=\"elementor-element elementor-element-2d1b7d2 e-grid e-con-boxed e-con e-parent\" data-id=\"2d1b7d2\" data-element_type=\"container\">\n\t\t\t\t\t<div class=\"e-con-inner\">\n\t\t\t\t<div class=\"elementor-element elementor-element-5cf65d4 elementor-view-default elementor-position-top elementor-mobile-position-top elementor-widget elementor-widget-icon-box\" data-id=\"5cf65d4\" data-element_type=\"widget\" data-settings=\"{&quot;_animation&quot;:&quot;none&quot;}\" data-widget_type=\"icon-box.default\">\n\t\t\t\t\t\t\t<div class=\"elementor-icon-box-wrapper\">\n\n\t\t\t\t\t\t<div class=\"elementor-icon-box-icon\">\n\t\t\t\t<a href=\"http:\/\/www.mallorcafinanzierer.com\/index.php\/wissenswertes\/voraussetzungen-fuer-eine-spanienfinanzierung\/\" class=\"elementor-icon\" tabindex=\"-1\" aria-label=\"Voraussetzungen f\u00fcr eine Spanienfinanzierung\">\n\t\t\t\t<svg aria-hidden=\"true\" class=\"e-font-icon-svg e-fas-check-double\" viewBox=\"0 0 512 512\" xmlns=\"http:\/\/www.w3.org\/2000\/svg\"><path d=\"M505 174.8l-39.6-39.6c-9.4-9.4-24.6-9.4-33.9 0L192 374.7 80.6 263.2c-9.4-9.4-24.6-9.4-33.9 0L7 302.9c-9.4 9.4-9.4 24.6 0 34L175 505c9.4 9.4 24.6 9.4 33.9 0l296-296.2c9.4-9.5 9.4-24.7.1-34zm-324.3 106c6.2 6.3 16.4 6.3 22.6 0l208-208.2c6.2-6.3 6.2-16.4 0-22.6L366.1 4.7c-6.2-6.3-16.4-6.3-22.6 0L192 156.2l-55.4-55.5c-6.2-6.3-16.4-6.3-22.6 0L68.7 146c-6.2 6.3-6.2 16.4 0 22.6l112 112.2z\"><\/path><\/svg>\t\t\t\t<\/a>\n\t\t\t<\/div>\n\t\t\t\n\t\t\t\t\t\t<div class=\"elementor-icon-box-content\">\n\n\t\t\t\t\t\t\t\t\t<h2 class=\"elementor-icon-box-title\">\n\t\t\t\t\t\t<a href=\"http:\/\/www.mallorcafinanzierer.com\/index.php\/wissenswertes\/voraussetzungen-fuer-eine-spanienfinanzierung\/\" >\n\t\t\t\t\t\t\tVoraussetzungen f\u00fcr eine Spanienfinanzierung\t\t\t\t\t\t<\/a>\n\t\t\t\t\t<\/h2>\n\t\t\t\t\n\t\t\t\t\t\t\t\t\t<p class=\"elementor-icon-box-description\">\n\t\t\t\t\t\t<b>Praxisnaher \u00dcberblick f\u00fcr Ihre Finanzierung in Spanien\n<\/b>\nErfahren Sie, welche Kriterien Sie erf\u00fcllen m\u00fcssen, um \u00fcber deutsche Bankpartner eine Immobilie in Spanien zu finanzieren \u2013 klar, kompakt und verst\u00e4ndlich.\t\t\t\t\t<\/p>\n\t\t\t\t\n\t\t\t<\/div>\n\t\t\t\n\t\t<\/div>\n\t\t\t\t\t\t<\/div>\n\t\t\t\t<div class=\"elementor-element elementor-element-611040d elementor-view-default elementor-position-top elementor-mobile-position-top elementor-widget elementor-widget-icon-box\" data-id=\"611040d\" data-element_type=\"widget\" data-settings=\"{&quot;_animation&quot;:&quot;none&quot;}\" data-widget_type=\"icon-box.default\">\n\t\t\t\t\t\t\t<div class=\"elementor-icon-box-wrapper\">\n\n\t\t\t\t\t\t<div class=\"elementor-icon-box-icon\">\n\t\t\t\t<a href=\"http:\/\/www.mallorcafinanzierer.com\/index.php\/wissenswertes\/kauf-einer-immobilie-so-gehts-richtig\/\" class=\"elementor-icon\" tabindex=\"-1\" aria-label=\"Kauf einer Immobilie \u2013 so geht\u2019s richtig!\">\n\t\t\t\t<svg aria-hidden=\"true\" class=\"e-font-icon-svg e-fab-buy-n-large\" viewBox=\"0 0 576 512\" xmlns=\"http:\/\/www.w3.org\/2000\/svg\"><path d=\"M288 32C133.27 32 7.79 132.32 7.79 256S133.27 480 288 480s280.21-100.32 280.21-224S442.73 32 288 32zm-85.39 357.19L64.1 390.55l77.25-290.74h133.44c63.15 0 84.93 28.65 78 72.84a60.24 60.24 0 0 1-1.5 6.85 77.39 77.39 0 0 0-17.21-1.93c-42.35 0-76.69 33.88-76.69 75.65 0 37.14 27.14 68 62.93 74.45-18.24 37.16-56.16 60.92-117.71 61.52zM358 207.11h32l-22.16 90.31h-35.41l-11.19-35.63-7.83 35.63h-37.83l26.63-90.31h31.34l15 36.75zm145.86 182.08H306.79L322.63 328a78.8 78.8 0 0 0 11.47.83c42.34 0 76.69-33.87 76.69-75.65 0-32.65-21-60.46-50.38-71.06l21.33-82.35h92.5l-53.05 205.36h103.87zM211.7 269.39H187l-13.8 56.47h24.7c16.14 0 32.11-3.18 37.94-26.65 5.56-22.31-7.99-29.82-24.14-29.82zM233 170h-21.34L200 217.71h21.37c18 0 35.38-14.64 39.21-30.14C265.23 168.71 251.07 170 233 170z\"><\/path><\/svg>\t\t\t\t<\/a>\n\t\t\t<\/div>\n\t\t\t\n\t\t\t\t\t\t<div class=\"elementor-icon-box-content\">\n\n\t\t\t\t\t\t\t\t\t<h2 class=\"elementor-icon-box-title\">\n\t\t\t\t\t\t<a href=\"http:\/\/www.mallorcafinanzierer.com\/index.php\/wissenswertes\/kauf-einer-immobilie-so-gehts-richtig\/\" >\n\t\t\t\t\t\t\tKauf einer Immobilie \u2013 so geht\u2019s richtig!\t\t\t\t\t\t<\/a>\n\t\t\t\t\t<\/h2>\n\t\t\t\t\n\t\t\t\t\t\t\t\t\t<p class=\"elementor-icon-box-description\">\n\t\t\t\t\t\t<b>Praxisnaher Ratgeber f\u00fcr Ihren Immobilienkauf\n<\/b>\nEntdecken Sie, wie der Kauf einer Immobilie in Spanien funktioniert \u2013 und worin er sich vom Erwerb in Deutschland unterscheidet. Wir f\u00fchren Sie Schritt f\u00fcr Schritt durch den gesamten Ablauf. Auf dieser Seite finden Sie alle wichtigen Schritte und erforderlichen Unterlagen \u00fcbersichtlich erkl\u00e4rt, damit Sie gut vorbereitet und sicher zu Ihrer Traumimmobilie gelangen.\n\n\t\t\t\t\t<\/p>\n\t\t\t\t\n\t\t\t<\/div>\n\t\t\t\n\t\t<\/div>\n\t\t\t\t\t\t<\/div>\n\t\t\t\t<div class=\"elementor-element elementor-element-2bf8fcb elementor-view-default elementor-position-top elementor-mobile-position-top elementor-widget elementor-widget-icon-box\" data-id=\"2bf8fcb\" data-element_type=\"widget\" data-settings=\"{&quot;_animation&quot;:&quot;none&quot;}\" data-widget_type=\"icon-box.default\">\n\t\t\t\t\t\t\t<div class=\"elementor-icon-box-wrapper\">\n\n\t\t\t\t\t\t<div class=\"elementor-icon-box-icon\">\n\t\t\t\t<a href=\"http:\/\/www.mallorcafinanzierer.com\/index.php\/wissenswertes\/anwaelte-notare\/\" class=\"elementor-icon\" tabindex=\"-1\" aria-label=\"Anw\u00e4lte &amp; Notare\">\n\t\t\t\t<svg aria-hidden=\"true\" class=\"e-font-icon-svg e-fas-people-arrows\" viewBox=\"0 0 576 512\" xmlns=\"http:\/\/www.w3.org\/2000\/svg\"><path d=\"M96,128A64,64,0,1,0,32,64,64,64,0,0,0,96,128Zm0,176.08a44.11,44.11,0,0,1,13.64-32L181.77,204c1.65-1.55,3.77-2.31,5.61-3.57A63.91,63.91,0,0,0,128,160H64A64,64,0,0,0,0,224v96a32,32,0,0,0,32,32V480a32,32,0,0,0,32,32h64a32,32,0,0,0,32-32V383.61l-50.36-47.53A44.08,44.08,0,0,1,96,304.08ZM480,128a64,64,0,1,0-64-64A64,64,0,0,0,480,128Zm32,32H448a63.91,63.91,0,0,0-59.38,40.42c1.84,1.27,4,2,5.62,3.59l72.12,68.06a44.37,44.37,0,0,1,0,64L416,383.62V480a32,32,0,0,0,32,32h64a32,32,0,0,0,32-32V352a32,32,0,0,0,32-32V224A64,64,0,0,0,512,160ZM444.4,295.34l-72.12-68.06A12,12,0,0,0,352,236v36H224V236a12,12,0,0,0-20.28-8.73L131.6,295.34a12.4,12.4,0,0,0,0,17.47l72.12,68.07A12,12,0,0,0,224,372.14V336H352v36.14a12,12,0,0,0,20.28,8.74l72.12-68.07A12.4,12.4,0,0,0,444.4,295.34Z\"><\/path><\/svg>\t\t\t\t<\/a>\n\t\t\t<\/div>\n\t\t\t\n\t\t\t\t\t\t<div class=\"elementor-icon-box-content\">\n\n\t\t\t\t\t\t\t\t\t<h2 class=\"elementor-icon-box-title\">\n\t\t\t\t\t\t<a href=\"http:\/\/www.mallorcafinanzierer.com\/index.php\/wissenswertes\/anwaelte-notare\/\" >\n\t\t\t\t\t\t\tAnw\u00e4lte &amp; Notare\t\t\t\t\t\t<\/a>\n\t\t\t\t\t<\/h2>\n\t\t\t\t\n\t\t\t\t\t\t\t\t\t<p class=\"elementor-icon-box-description\">\n\t\t\t\t\t\t<b>F\u00fcr einen rechtssicheren Kauf\n<\/b>\nFinden Sie hier erfahrene, deutschsprachige Anw\u00e4lte und von unseren Bankpartnern anerkannte Notare auf Mallorca und Ibiza. Wir sorgen daf\u00fcr, dass Ihre Transaktion reibungslos und sicher abl\u00e4uft.\t\t\t\t\t<\/p>\n\t\t\t\t\n\t\t\t<\/div>\n\t\t\t\n\t\t<\/div>\n\t\t\t\t\t\t<\/div>\n\t\t\t\t<div class=\"elementor-element elementor-element-38d46bf elementor-view-default elementor-position-top elementor-mobile-position-top elementor-widget elementor-widget-icon-box\" data-id=\"38d46bf\" data-element_type=\"widget\" data-settings=\"{&quot;_animation&quot;:&quot;none&quot;}\" data-widget_type=\"icon-box.default\">\n\t\t\t\t\t\t\t<div class=\"elementor-icon-box-wrapper\">\n\n\t\t\t\t\t\t<div class=\"elementor-icon-box-icon\">\n\t\t\t\t<a href=\"http:\/\/www.mallorcafinanzierer.com\/index.php\/wissenswertes\/formularcenter\/\" class=\"elementor-icon\" tabindex=\"-1\" aria-label=\"Formularcenter\">\n\t\t\t\t<svg aria-hidden=\"true\" class=\"e-font-icon-svg e-fab-wpforms\" viewBox=\"0 0 448 512\" xmlns=\"http:\/\/www.w3.org\/2000\/svg\"><path d=\"M448 75.2v361.7c0 24.3-19 43.2-43.2 43.2H43.2C19.3 480 0 461.4 0 436.8V75.2C0 51.1 18.8 32 43.2 32h361.7c24 0 43.1 18.8 43.1 43.2zm-37.3 361.6V75.2c0-3-2.6-5.8-5.8-5.8h-9.3L285.3 144 224 94.1 162.8 144 52.5 69.3h-9.3c-3.2 0-5.8 2.8-5.8 5.8v361.7c0 3 2.6 5.8 5.8 5.8h361.7c3.2.1 5.8-2.7 5.8-5.8zM150.2 186v37H76.7v-37h73.5zm0 74.4v37.3H76.7v-37.3h73.5zm11.1-147.3l54-43.7H96.8l64.5 43.7zm210 72.9v37h-196v-37h196zm0 74.4v37.3h-196v-37.3h196zm-84.6-147.3l64.5-43.7H232.8l53.9 43.7zM371.3 335v37.3h-99.4V335h99.4z\"><\/path><\/svg>\t\t\t\t<\/a>\n\t\t\t<\/div>\n\t\t\t\n\t\t\t\t\t\t<div class=\"elementor-icon-box-content\">\n\n\t\t\t\t\t\t\t\t\t<h2 class=\"elementor-icon-box-title\">\n\t\t\t\t\t\t<a href=\"http:\/\/www.mallorcafinanzierer.com\/index.php\/wissenswertes\/formularcenter\/\" >\n\t\t\t\t\t\t\tFormularcenter\t\t\t\t\t\t<\/a>\n\t\t\t\t\t<\/h2>\n\t\t\t\t\n\t\t\t\t\t\t\t\t\t<p class=\"elementor-icon-box-description\">\n\t\t\t\t\t\t<b>Formulare zum direkten Download\n<\/b>\nWichtige Unterlagen stehen Ihnen bei uns jederzeit ganz bequem zum direkten Download bereit. So haben Sie alle relevanten Dokumente schnell und unkompliziert zur Hand \u2013 egal, wann und wo Sie sie ben\u00f6tigen.\t\t\t\t\t<\/p>\n\t\t\t\t\n\t\t\t<\/div>\n\t\t\t\n\t\t<\/div>\n\t\t\t\t\t\t<\/div>\n\t\t\t\t\t<\/div>\n\t\t\t\t<\/div>\n\t\t\t\t<\/div>\n\t\t","protected":false},"excerpt":{"rendered":"<p>Ablauf einer Spanienfinanzierung Finanzierung Schritt f\u00fcr Schritt erkl\u00e4rt In dieser klar strukturierten Anleitung erfahren Sie, wie der Weg zu Ihrer Spanienfinanzierung verl\u00e4uft \u2013 vom ersten Beratungsgespr\u00e4ch \u00fcber die Bonit\u00e4tspr\u00fcfung bis hin zur Auszahlung der Mittel durch den Anwalt. Am Ende steht der sch\u00f6nste Moment: den Schl\u00fcssel zu Ihrer Immobilie in den H\u00e4nden zu halten und [&hellip;]<\/p>\n","protected":false},"author":2,"featured_media":5930,"parent":0,"menu_order":0,"comment_status":"closed","ping_status":"closed","template":"","meta":{"footnotes":""},"class_list":["post-7156","page","type-page","status-publish","has-post-thumbnail","hentry"],"_links":{"self":[{"href":"http:\/\/www.mallorcafinanzierer.com\/index.php\/wp-json\/wp\/v2\/pages\/7156","targetHints":{"allow":["GET"]}}],"collection":[{"href":"http:\/\/www.mallorcafinanzierer.com\/index.php\/wp-json\/wp\/v2\/pages"}],"about":[{"href":"http:\/\/www.mallorcafinanzierer.com\/index.php\/wp-json\/wp\/v2\/types\/page"}],"author":[{"embeddable":true,"href":"http:\/\/www.mallorcafinanzierer.com\/index.php\/wp-json\/wp\/v2\/users\/2"}],"replies":[{"embeddable":true,"href":"http:\/\/www.mallorcafinanzierer.com\/index.php\/wp-json\/wp\/v2\/comments?post=7156"}],"version-history":[{"count":31,"href":"http:\/\/www.mallorcafinanzierer.com\/index.php\/wp-json\/wp\/v2\/pages\/7156\/revisions"}],"predecessor-version":[{"id":7457,"href":"http:\/\/www.mallorcafinanzierer.com\/index.php\/wp-json\/wp\/v2\/pages\/7156\/revisions\/7457"}],"wp:featuredmedia":[{"embeddable":true,"href":"http:\/\/www.mallorcafinanzierer.com\/index.php\/wp-json\/wp\/v2\/media\/5930"}],"wp:attachment":[{"href":"http:\/\/www.mallorcafinanzierer.com\/index.php\/wp-json\/wp\/v2\/media?parent=7156"}],"curies":[{"name":"wp","href":"https:\/\/api.w.org\/{rel}","templated":true}]}}